{"id":31,"date":"2022-08-16T08:09:14","date_gmt":"2022-08-16T06:09:14","guid":{"rendered":"https:\/\/teespace.harutheme.com\/agency\/?page_id=31"},"modified":"2024-02-09T22:05:20","modified_gmt":"2024-02-09T21:05:20","slug":"kontakt","status":"publish","type":"page","link":"https:\/\/ujarmilky.cz\/?page_id=31","title":{"rendered":"Kontakt"},"content":{"rendered":"\t\t<div data-elementor-type=\"wp-page\" data-elementor-id=\"31\" class=\"elementor elementor-31\">\n\t\t\t\t\t\t\t<div class=\"elementor-element elementor-element-cdbc99a e-flex e-con-boxed e-con e-parent\" data-id=\"cdbc99a\" data-element_type=\"container\" data-settings=\"{&quot;content_width&quot;:&quot;boxed&quot;}\" data-core-v316-plus=\"true\">\n\t\t\t\t\t<div class=\"e-con-inner\">\n\t\t<div class=\"elementor-element elementor-element-44a8667 e-con-full e-flex e-con e-child\" data-id=\"44a8667\" data-element_type=\"container\" data-settings=\"{&quot;content_width&quot;:&quot;full&quot;}\">\n\t\t\t\t<div class=\"elementor-element elementor-element-181e62e elementor-widget elementor-widget-haru-heading\" data-id=\"181e62e\" data-element_type=\"widget\" data-widget_type=\"haru-heading.default\">\n\t\t\t\t<div class=\"elementor-widget-container\">\n\t\t\t<h2 class=\"haru-heading-title\">Objednejte se<\/h2>\t\t<\/div>\n\t\t\t\t<\/div>\n\t\t\t\t<div class=\"elementor-element elementor-element-2ad8714 elementor-widget elementor-widget-spacer\" data-id=\"2ad8714\" data-element_type=\"widget\" data-widget_type=\"spacer.default\">\n\t\t\t\t<div class=\"elementor-widget-container\">\n\t\t\t<style>\/*! elementor - v3.16.0 - 17-10-2023 *\/\n.elementor-column .elementor-spacer-inner{height:var(--spacer-size)}.e-con{--container-widget-width:100%}.e-con-inner>.elementor-widget-spacer,.e-con>.elementor-widget-spacer{width:var(--container-widget-width,var(--spacer-size));--align-self:var(--container-widget-align-self,initial);--flex-shrink:0}.e-con-inner>.elementor-widget-spacer>.elementor-widget-container,.e-con>.elementor-widget-spacer>.elementor-widget-container{height:100%;width:100%}.e-con-inner>.elementor-widget-spacer>.elementor-widget-container>.elementor-spacer,.e-con>.elementor-widget-spacer>.elementor-widget-container>.elementor-spacer{height:100%}.e-con-inner>.elementor-widget-spacer>.elementor-widget-container>.elementor-spacer>.elementor-spacer-inner,.e-con>.elementor-widget-spacer>.elementor-widget-container>.elementor-spacer>.elementor-spacer-inner{height:var(--container-widget-height,var(--spacer-size))}.e-con-inner>.elementor-widget-spacer.elementor-widget-empty,.e-con>.elementor-widget-spacer.elementor-widget-empty{position:relative;min-height:22px;min-width:22px}.e-con-inner>.elementor-widget-spacer.elementor-widget-empty .elementor-widget-empty-icon,.e-con>.elementor-widget-spacer.elementor-widget-empty .elementor-widget-empty-icon{position:absolute;top:0;bottom:0;left:0;right:0;margin:auto;padding:0;width:22px;height:22px}<\/style>\t\t<div class=\"elementor-spacer\">\n\t\t\t<div class=\"elementor-spacer-inner\"><\/div>\n\t\t<\/div>\n\t\t\t\t<\/div>\n\t\t\t\t<\/div>\n\t\t\t\t<div class=\"elementor-element elementor-element-a115a0b elementor-widget elementor-widget-haru-heading\" data-id=\"a115a0b\" data-element_type=\"widget\" data-widget_type=\"haru-heading.default\">\n\t\t\t\t<div class=\"elementor-widget-container\">\n\t\t\t<h2 class=\"haru-heading-title haru-heading-title--description-2\">V m\u00e9m kade\u0159nictv\u00ed se v\u011bnuji d\u00e1m\u00e1m, p\u00e1n\u016fm i d\u011btem. V m\u00e9m n\u00e1dhern\u00e9m sal\u00f3nu najdete nejen pe\u010dliv\u011b vytvo\u0159en\u00e9 \u00fa\u010desy, p\u00e9\u010di o vlasy, nebo maeku-up a viz\u00e1\u017e pro jakoukoliv p\u0159\u00edle\u017eitost, ale tak\u00e9 p\u0159\u00edjemnou a v\u0159elou atmosf\u00e9ru. <br\/><br\/>\n\"Uvoln\u011bte se v pohodln\u00e9m k\u0159esle a vychutnejte si \u0161\u00e1lek skv\u011bl\u00e9 k\u00e1vy.\"<\/h2>\t\t<\/div>\n\t\t\t\t<\/div>\n\t\t\t\t<\/div>\n\t\t\t\t\t<\/div>\n\t\t\t\t<\/div>\n\t\t<div class=\"elementor-element elementor-element-e083ebc e-flex e-con-boxed e-con e-parent\" data-id=\"e083ebc\" data-element_type=\"container\" data-settings=\"{&quot;content_width&quot;:&quot;boxed&quot;}\" data-core-v316-plus=\"true\">\n\t\t\t\t\t<div class=\"e-con-inner\">\n\t\t<div class=\"elementor-element elementor-element-f7e2103 e-con-full e-flex e-con e-child\" data-id=\"f7e2103\" data-element_type=\"container\" data-settings=\"{&quot;content_width&quot;:&quot;full&quot;}\">\n\t\t<div class=\"elementor-element elementor-element-c596961 e-con-full e-flex e-con e-child\" data-id=\"c596961\" data-element_type=\"container\" data-settings=\"{&quot;content_width&quot;:&quot;full&quot;}\">\n\t\t\t\t<div class=\"elementor-element elementor-element-0cb13c6 elementor-widget elementor-widget-haru-icon-box\" data-id=\"0cb13c6\" data-element_type=\"widget\" data-widget_type=\"haru-icon-box.default\">\n\t\t\t\t<div class=\"elementor-widget-container\">\n\t\t\t\n                            <div class=\"haru-icon-box haru-icon-box--style-1\">\n                                                                        <div class=\"haru-icon-box__icon\">\n                                <span  >\n                                <i aria-hidden=\"true\" class=\"phosphor phosphor-map-pin\"><\/i>                                <\/span>\n                            <\/div>\n\n                            <div class=\"haru-icon-box__content\">\n                                <h6 class=\"haru-icon-box__title\">\n                                                                            Adresa                                                                    <\/h6>\n                                                                <p class=\"haru-icon-box__description\">Bezd\u011bkovsk\u00e1 216<br\/>\n386 01 Strakonice II<\/p>\n                                                            <\/div>\n                                            \n                                                                \n                                    <\/div>\n            \n            \t\t<\/div>\n\t\t\t\t<\/div>\n\t\t\t\t<\/div>\n\t\t<div class=\"elementor-element elementor-element-6b5620e e-con-full e-flex e-con e-child\" data-id=\"6b5620e\" data-element_type=\"container\" data-settings=\"{&quot;content_width&quot;:&quot;full&quot;}\">\n\t\t\t\t<div class=\"elementor-element elementor-element-e37d1ad elementor-widget elementor-widget-haru-icon-box\" data-id=\"e37d1ad\" data-element_type=\"widget\" data-widget_type=\"haru-icon-box.default\">\n\t\t\t\t<div class=\"elementor-widget-container\">\n\t\t\t\n                            <div class=\"haru-icon-box haru-icon-box--style-1\">\n                                                                        <div class=\"haru-icon-box__icon\">\n                                <span  >\n                                <i aria-hidden=\"true\" class=\"phosphor phosphor-phone-call\"><\/i>                                <\/span>\n                            <\/div>\n\n                            <div class=\"haru-icon-box__content\">\n                                <h6 class=\"haru-icon-box__title\">\n                                                                            Kontakt                                                                    <\/h6>\n                                                                <p class=\"haru-icon-box__description\">Mobil: <strong>+420 720 442 660<\/strong><br>\njarra.kneets@seznam.cz<\/p>\n                                                            <\/div>\n                                            \n                                                                \n                                    <\/div>\n            \n            \t\t<\/div>\n\t\t\t\t<\/div>\n\t\t\t\t<\/div>\n\t\t<div class=\"elementor-element elementor-element-ead67b5 e-con-full e-flex e-con e-child\" data-id=\"ead67b5\" data-element_type=\"container\" data-settings=\"{&quot;content_width&quot;:&quot;full&quot;}\">\n\t\t\t\t<div class=\"elementor-element elementor-element-556ce6a elementor-widget elementor-widget-haru-icon-box\" data-id=\"556ce6a\" data-element_type=\"widget\" data-widget_type=\"haru-icon-box.default\">\n\t\t\t\t<div class=\"elementor-widget-container\">\n\t\t\t\n                            <div class=\"haru-icon-box haru-icon-box--style-1\">\n                                                                        <div class=\"haru-icon-box__icon\">\n                                <span  >\n                                <i aria-hidden=\"true\" class=\"phosphor phosphor-clock\"><\/i>                                <\/span>\n                            <\/div>\n\n                            <div class=\"haru-icon-box__content\">\n                                <h6 class=\"haru-icon-box__title\">\n                                                                            Otev\u00edrac\u00ed doba                                                                    <\/h6>\n                                                                <p class=\"haru-icon-box__description\">Dle telefonick\u00e9 domluvy<\/p>\n                                                            <\/div>\n                                            \n                                                                \n                                    <\/div>\n            \n            \t\t<\/div>\n\t\t\t\t<\/div>\n\t\t\t\t<\/div>\n\t\t\t\t<\/div>\n\t\t\t\t\t<\/div>\n\t\t\t\t<\/div>\n\t\t<div class=\"elementor-element elementor-element-7d04796 e-flex e-con-boxed e-con e-parent\" data-id=\"7d04796\" data-element_type=\"container\" data-settings=\"{&quot;content_width&quot;:&quot;boxed&quot;}\" data-core-v316-plus=\"true\">\n\t\t\t\t\t<div class=\"e-con-inner\">\n\t\t<div class=\"elementor-element elementor-element-f66ffad e-con-full e-flex e-con e-child\" data-id=\"f66ffad\" data-element_type=\"container\" data-settings=\"{&quot;content_width&quot;:&quot;full&quot;}\">\n\t\t\t\t<div class=\"elementor-element elementor-element-f45402b elementor-widget elementor-widget-haru-google-maps\" data-id=\"f45402b\" data-element_type=\"widget\" data-widget_type=\"haru-google-maps.default\">\n\t\t\t\t<div class=\"elementor-widget-container\">\n\t\t\t\n                            <div class=\"haru-google-maps haru-google-maps--style-1\">\n                                        <div class=\"haru-custom-embed\">\n                        <iframe src=\"https:\/\/maps.google.com\/maps?q=Bezd%C4%9Bkovsk%C3%A1%20216%2C%20Strakonice%2C%20Czech%20Republic&amp;t=m&amp;z=14&amp;output=embed&amp;iwloc=near\" title=\"%3$s\" aria-label=\"%3$s\"><\/iframe>\n                    <\/div>\n                <\/div>\n            \n            \t\t<\/div>\n\t\t\t\t<\/div>\n\t\t\t\t<\/div>\n\t\t\t\t\t<\/div>\n\t\t\t\t<\/div>\n\t\t\t\t\t\t\t<\/div>\n\t\t","protected":false},"excerpt":{"rendered":"<p>Objednejte se V m\u00e9m kade\u0159nictv\u00ed se v\u011bnuji d\u00e1m\u00e1m, p\u00e1n\u016fm i d\u011btem. V m\u00e9m n\u00e1dhern\u00e9m sal\u00f3nu najdete nejen pe\u010dliv\u011b vytvo\u0159en\u00e9 \u00fa\u010desy, p\u00e9\u010di o vlasy, nebo maeku-up a viz\u00e1\u017e pro jakoukoliv p\u0159\u00edle\u017eitost, ale tak\u00e9 p\u0159\u00edjemnou a v\u0159elou atmosf\u00e9ru. &#8220;Uvoln\u011bte se v pohodln\u00e9m k\u0159esle a vychutnejte si \u0161\u00e1lek skv\u011bl\u00e9 k\u00e1vy.&#8221; Adresa Bezd\u011bkovsk\u00e1 216 386 01 Strakonice II Kontakt [&hellip;]<\/p>\n","protected":false},"author":1,"featured_media":0,"parent":0,"menu_order":0,"comment_status":"closed","ping_status":"closed","template":"elementor_header_footer","meta":{"footnotes":""},"_links":{"self":[{"href":"https:\/\/ujarmilky.cz\/index.php?rest_route=\/wp\/v2\/pages\/31"}],"collection":[{"href":"https:\/\/ujarmilky.cz\/index.php?rest_route=\/wp\/v2\/pages"}],"about":[{"href":"https:\/\/ujarmilky.cz\/index.php?rest_route=\/wp\/v2\/types\/page"}],"author":[{"embeddable":true,"href":"https:\/\/ujarmilky.cz\/index.php?rest_route=\/wp\/v2\/users\/1"}],"replies":[{"embeddable":true,"href":"https:\/\/ujarmilky.cz\/index.php?rest_route=%2Fwp%2Fv2%2Fcomments&post=31"}],"version-history":[{"count":10,"href":"https:\/\/ujarmilky.cz\/index.php?rest_route=\/wp\/v2\/pages\/31\/revisions"}],"predecessor-version":[{"id":11856,"href":"https:\/\/ujarmilky.cz\/index.php?rest_route=\/wp\/v2\/pages\/31\/revisions\/11856"}],"wp:attachment":[{"href":"https:\/\/ujarmilky.cz\/index.php?rest_route=%2Fwp%2Fv2%2Fmedia&parent=31"}],"curies":[{"name":"wp","href":"https:\/\/api.w.org\/{rel}","templated":true}]}}