{"id":7877,"date":"2022-09-28T06:52:47","date_gmt":"2022-09-28T04:52:47","guid":{"rendered":"https:\/\/teespace.harutheme.com\/agency\/?page_id=7877"},"modified":"2024-02-09T22:04:55","modified_gmt":"2024-02-09T21:04:55","slug":"cenik","status":"publish","type":"page","link":"https:\/\/ujarmilky.cz\/?page_id=7877","title":{"rendered":"Cen\u00edk slu\u017eeb"},"content":{"rendered":"\t\t<div data-elementor-type=\"wp-page\" data-elementor-id=\"7877\" class=\"elementor elementor-7877\">\n\t\t\t\t\t\t\t<div class=\"elementor-element elementor-element-f48f689 e-flex e-con-boxed e-con e-parent\" data-id=\"f48f689\" data-element_type=\"container\" data-settings=\"{&quot;content_width&quot;:&quot;boxed&quot;}\" data-core-v316-plus=\"true\">\n\t\t\t\t\t<div class=\"e-con-inner\">\n\t\t\t\t<div class=\"elementor-element elementor-element-dbb3f66 elementor-widget elementor-widget-haru-heading\" data-id=\"dbb3f66\" data-element_type=\"widget\" data-widget_type=\"haru-heading.default\">\n\t\t\t\t<div class=\"elementor-widget-container\">\n\t\t\t<h2 class=\"haru-heading-title\">Cen\u00edk slu\u017eeb<\/h2>\t\t<\/div>\n\t\t\t\t<\/div>\n\t\t\t\t<div class=\"elementor-element elementor-element-e9d1bed elementor-widget elementor-widget-spacer\" data-id=\"e9d1bed\" data-element_type=\"widget\" data-widget_type=\"spacer.default\">\n\t\t\t\t<div class=\"elementor-widget-container\">\n\t\t\t<style>\/*! elementor - v3.16.0 - 17-10-2023 *\/\n.elementor-column .elementor-spacer-inner{height:var(--spacer-size)}.e-con{--container-widget-width:100%}.e-con-inner>.elementor-widget-spacer,.e-con>.elementor-widget-spacer{width:var(--container-widget-width,var(--spacer-size));--align-self:var(--container-widget-align-self,initial);--flex-shrink:0}.e-con-inner>.elementor-widget-spacer>.elementor-widget-container,.e-con>.elementor-widget-spacer>.elementor-widget-container{height:100%;width:100%}.e-con-inner>.elementor-widget-spacer>.elementor-widget-container>.elementor-spacer,.e-con>.elementor-widget-spacer>.elementor-widget-container>.elementor-spacer{height:100%}.e-con-inner>.elementor-widget-spacer>.elementor-widget-container>.elementor-spacer>.elementor-spacer-inner,.e-con>.elementor-widget-spacer>.elementor-widget-container>.elementor-spacer>.elementor-spacer-inner{height:var(--container-widget-height,var(--spacer-size))}.e-con-inner>.elementor-widget-spacer.elementor-widget-empty,.e-con>.elementor-widget-spacer.elementor-widget-empty{position:relative;min-height:22px;min-width:22px}.e-con-inner>.elementor-widget-spacer.elementor-widget-empty .elementor-widget-empty-icon,.e-con>.elementor-widget-spacer.elementor-widget-empty .elementor-widget-empty-icon{position:absolute;top:0;bottom:0;left:0;right:0;margin:auto;padding:0;width:22px;height:22px}<\/style>\t\t<div class=\"elementor-spacer\">\n\t\t\t<div class=\"elementor-spacer-inner\"><\/div>\n\t\t<\/div>\n\t\t\t\t<\/div>\n\t\t\t\t<\/div>\n\t\t\t\t<div class=\"elementor-element elementor-element-78e154d elementor-widget elementor-widget-haru-heading\" data-id=\"78e154d\" data-element_type=\"widget\" data-widget_type=\"haru-heading.default\">\n\t\t\t\t<div class=\"elementor-widget-container\">\n\t\t\t<h2 class=\"haru-heading-title\">P\u00e9\u010de o d\u00e1my<\/h2>\t\t<\/div>\n\t\t\t\t<\/div>\n\t\t\t\t<div class=\"elementor-element elementor-element-ba723ed elementor-widget elementor-widget-haru-contact\" data-id=\"ba723ed\" data-element_type=\"widget\" data-widget_type=\"haru-contact.default\">\n\t\t\t\t<div class=\"elementor-widget-container\">\n\t\t\t\n        \t\t        \t<div class=\"haru-contact haru-contact--style-1\">\n\t        \t\t\n\n\t<ul>\n\t\t\t\t\t<li>\n\t\t\t\t<div class=\"haru-contact__icon\"><i aria-hidden=\"true\" class=\"fas fa-cut\"><\/i><\/div>\n\t\t\t\t<div class=\"haru-contact__content\">\n\t\t\t\t\t<h6 class=\"haru-contact__title\">St\u0159ih + styling<\/h6>\n\t\t\t\t\t<div class=\"haru-contact__desc\">Kr\u00e1tk\u00e9 vlasy: 450 K\u010d | Polodhlouh\u00e9 vlasy: 650 K\u010d | Dlouh\u00e9 vlasy: 850 K\u010d<\/div>\n\t\t\t\t<\/div>\n\t\t\t<\/li>\n\t\t\t\t\t<li>\n\t\t\t\t<div class=\"haru-contact__icon\"><i aria-hidden=\"true\" class=\"fas fa-paint-brush\"><\/i><\/div>\n\t\t\t\t<div class=\"haru-contact__content\">\n\t\t\t\t\t<h6 class=\"haru-contact__title\">Odbarven\u00ed + p\u0159eliv<\/h6>\n\t\t\t\t\t<div class=\"haru-contact__desc\">Kr\u00e1tk\u00e9 vlasy: 1000 K\u010d | Polodlouh\u00e9 vlasy: 1200 K\u010d | Dlouh\u00e9 vlasy: 1500 K\u010d<\/div>\n\t\t\t\t<\/div>\n\t\t\t<\/li>\n\t\t\t\t\t<li>\n\t\t\t\t<div class=\"haru-contact__icon\"><i aria-hidden=\"true\" class=\"fas fa-paint-brush\"><\/i><\/div>\n\t\t\t\t<div class=\"haru-contact__content\">\n\t\t\t\t\t<h6 class=\"haru-contact__title\">Barven\u00ed + p\u0159eliv (odrosty)<\/h6>\n\t\t\t\t\t<div class=\"haru-contact__desc\">Kr\u00e1tk\u00e9 vlasy: 800 K\u010d | Polodlouh\u00e9 vlasy: 1100 K\u010d | Dlouh\u00e9 vlasy: 1800 K\u010d<\/div>\n\t\t\t\t<\/div>\n\t\t\t<\/li>\n\t\t\t\t\t<li>\n\t\t\t\t<div class=\"haru-contact__icon\"><i aria-hidden=\"true\" class=\"fas fa-paint-brush\"><\/i><\/div>\n\t\t\t\t<div class=\"haru-contact__content\">\n\t\t\t\t\t<h6 class=\"haru-contact__title\">Mel\u00edr + t\u00f3nov\u00e1n\u00ed<\/h6>\n\t\t\t\t\t<div class=\"haru-contact__desc\">K\u00e1tk\u00e9 vlasy: 1200 K\u010d | Polohlouh\u00e9 vlasy: 1500 K\u010d | Dlouh\u00e9 vlasy: 1800 K\u010d<\/div>\n\t\t\t\t<\/div>\n\t\t\t<\/li>\n\t\t\t\t\t<li>\n\t\t\t\t<div class=\"haru-contact__icon\"><i aria-hidden=\"true\" class=\"fas fa-spray-can\"><\/i><\/div>\n\t\t\t\t<div class=\"haru-contact__content\">\n\t\t\t\t\t<h6 class=\"haru-contact__title\">Malibuc (\u010ci\u0161t\u011bn\u00ed vlas\u016f s Crystal gel\/Head lab)<\/h6>\n\t\t\t\t\t<div class=\"haru-contact__desc\">Crystal gel: 1300 K\u010d | Head Lab: 1700 K\u010d<\/div>\n\t\t\t\t<\/div>\n\t\t\t<\/li>\n\t\t\t<\/ul>\n\t    \t\t<\/div>\n    \t\t\n    \t\t\t\t<\/div>\n\t\t\t\t<\/div>\n\t\t\t\t<div class=\"elementor-element elementor-element-8c97876 elementor-widget elementor-widget-haru-heading\" data-id=\"8c97876\" data-element_type=\"widget\" data-widget_type=\"haru-heading.default\">\n\t\t\t\t<div class=\"elementor-widget-container\">\n\t\t\t<h2 class=\"haru-heading-title\">P\u00e9\u010de o p\u00e1ny<\/h2>\t\t<\/div>\n\t\t\t\t<\/div>\n\t\t\t\t<div class=\"elementor-element elementor-element-7c50b4c elementor-widget elementor-widget-haru-contact\" data-id=\"7c50b4c\" data-element_type=\"widget\" data-widget_type=\"haru-contact.default\">\n\t\t\t\t<div class=\"elementor-widget-container\">\n\t\t\t\n        \t\t        \t<div class=\"haru-contact haru-contact--style-1\">\n\t        \t\t\n\n\t<ul>\n\t\t\t\t\t<li>\n\t\t\t\t<div class=\"haru-contact__icon\"><i aria-hidden=\"true\" class=\"fas fa-cut\"><\/i><\/div>\n\t\t\t\t<div class=\"haru-contact__content\">\n\t\t\t\t\t<h6 class=\"haru-contact__title\">Klasick\u00fd st\u0159ih<\/h6>\n\t\t\t\t\t<div class=\"haru-contact__desc\">Kr\u00e1tk\u00e9 vlasy: 180 K\u010d | Dlouh\u00e9 vlasy: 210 K\u010d<\/div>\n\t\t\t\t<\/div>\n\t\t\t<\/li>\n\t\t\t<\/ul>\n\t    \t\t<\/div>\n    \t\t\n    \t\t\t\t<\/div>\n\t\t\t\t<\/div>\n\t\t\t\t<div class=\"elementor-element elementor-element-ad74ddf elementor-widget elementor-widget-haru-heading\" data-id=\"ad74ddf\" data-element_type=\"widget\" data-widget_type=\"haru-heading.default\">\n\t\t\t\t<div class=\"elementor-widget-container\">\n\t\t\t<h2 class=\"haru-heading-title\">P\u00e9\u010de o d\u011bti<\/h2>\t\t<\/div>\n\t\t\t\t<\/div>\n\t\t\t\t<div class=\"elementor-element elementor-element-21c488c elementor-widget elementor-widget-haru-contact\" data-id=\"21c488c\" data-element_type=\"widget\" data-widget_type=\"haru-contact.default\">\n\t\t\t\t<div class=\"elementor-widget-container\">\n\t\t\t\n        \t\t        \t<div class=\"haru-contact haru-contact--style-1\">\n\t        \t\t\n\n\t<ul>\n\t\t\t\t\t<li>\n\t\t\t\t<div class=\"haru-contact__icon\"><i aria-hidden=\"true\" class=\"fas fa-cut\"><\/i><\/div>\n\t\t\t\t<div class=\"haru-contact__content\">\n\t\t\t\t\t<h6 class=\"haru-contact__title\">Klasick\u00fd st\u0159ih<\/h6>\n\t\t\t\t\t<div class=\"haru-contact__desc\">Kr\u00e1tk\u00e9 vlasy: 150 K\u010d | Dlouh\u00e9 vlasy: 250 K\u010d<\/div>\n\t\t\t\t<\/div>\n\t\t\t<\/li>\n\t\t\t<\/ul>\n\t    \t\t<\/div>\n    \t\t\n    \t\t\t\t<\/div>\n\t\t\t\t<\/div>\n\t\t\t\t\t<\/div>\n\t\t\t\t<\/div>\n\t\t<div class=\"elementor-element elementor-element-3db5a2a e-flex e-con-boxed e-con e-parent\" data-id=\"3db5a2a\" data-element_type=\"container\" data-settings=\"{&quot;content_width&quot;:&quot;boxed&quot;}\" data-core-v316-plus=\"true\">\n\t\t\t\t\t<div class=\"e-con-inner\">\n\t\t\t\t<div class=\"elementor-element elementor-element-aa8314a elementor-widget elementor-widget-spacer\" data-id=\"aa8314a\" data-element_type=\"widget\" data-widget_type=\"spacer.default\">\n\t\t\t\t<div class=\"elementor-widget-container\">\n\t\t\t\t\t<div class=\"elementor-spacer\">\n\t\t\t<div class=\"elementor-spacer-inner\"><\/div>\n\t\t<\/div>\n\t\t\t\t<\/div>\n\t\t\t\t<\/div>\n\t\t\t\t<div class=\"elementor-element elementor-element-052b113 elementor-widget elementor-widget-haru-text-animation\" data-id=\"052b113\" data-element_type=\"widget\" data-widget_type=\"haru-text-animation.default\">\n\t\t\t\t<div class=\"elementor-widget-container\">\n\t\t\t\n        \t\t        \t<div id=\"haru-text-animation-052b113\" class=\"haru-text-animation haru-text-animation--style-1\">\n\t        \t\t<h2 class=\"haru-text-animation__heading\">\n\t\t  \t<span class=\"haru-text-animation__typewrite\" data-period=\"3296\" data-type='[ &quot;Reklama&quot;]' data-color=\"\">\n\t    <span class=\"haru-text-animation__typewrap\">Reklama<\/span>\n\t    \t      \t<\/span>\n  \t  \t<\/h2>\n\n\t    \t\t<\/div>\n    \t\t\n    \t\t\t\t<\/div>\n\t\t\t\t<\/div>\n\t\t\t\t<div class=\"elementor-element elementor-element-cc4ff54 elementor-invisible elementor-widget elementor-widget-image\" data-id=\"cc4ff54\" data-element_type=\"widget\" data-settings=\"{&quot;_animation&quot;:&quot;pulse&quot;}\" data-widget_type=\"image.default\">\n\t\t\t\t<div class=\"elementor-widget-container\">\n\t\t\t<style>\/*! elementor - v3.16.0 - 17-10-2023 *\/\n.elementor-widget-image{text-align:center}.elementor-widget-image a{display:inline-block}.elementor-widget-image a img[src$=\".svg\"]{width:48px}.elementor-widget-image img{vertical-align:middle;display:inline-block}<\/style>\t\t\t\t\t\t\t\t\t\t\t\t\t<a href=\"https:\/\/stanekjosef.com\/\" target=\"_blank\">\n\t\t\t\t\t\t\t<img decoding=\"async\" loading=\"lazy\" width=\"1024\" height=\"193\" src=\"https:\/\/ujarmilky.cz\/wp-content\/uploads\/2024\/02\/sjcom-kontaktni-bannery-u-jarmilky-svatby-ver2-1024x193.jpg\" class=\"attachment-large size-large wp-image-11826\" alt=\"\" srcset=\"https:\/\/ujarmilky.cz\/wp-content\/uploads\/2024\/02\/sjcom-kontaktni-bannery-u-jarmilky-svatby-ver2-1024x193.jpg 1024w, https:\/\/ujarmilky.cz\/wp-content\/uploads\/2024\/02\/sjcom-kontaktni-bannery-u-jarmilky-svatby-ver2-300x56.jpg 300w, https:\/\/ujarmilky.cz\/wp-content\/uploads\/2024\/02\/sjcom-kontaktni-bannery-u-jarmilky-svatby-ver2-768x145.jpg 768w, https:\/\/ujarmilky.cz\/wp-content\/uploads\/2024\/02\/sjcom-kontaktni-bannery-u-jarmilky-svatby-ver2-1536x289.jpg 1536w, https:\/\/ujarmilky.cz\/wp-content\/uploads\/2024\/02\/sjcom-kontaktni-bannery-u-jarmilky-svatby-ver2-600x113.jpg 600w, https:\/\/ujarmilky.cz\/wp-content\/uploads\/2024\/02\/sjcom-kontaktni-bannery-u-jarmilky-svatby-ver2.jpg 1753w\" sizes=\"(max-width: 1024px) 100vw, 1024px\" \/>\t\t\t\t\t\t\t\t<\/a>\n\t\t\t\t\t\t\t\t\t\t\t\t\t\t\t<\/div>\n\t\t\t\t<\/div>\n\t\t\t\t\t<\/div>\n\t\t\t\t<\/div>\n\t\t<div class=\"elementor-element elementor-element-e01f977 e-flex e-con-boxed e-con e-parent\" data-id=\"e01f977\" data-element_type=\"container\" data-settings=\"{&quot;content_width&quot;:&quot;boxed&quot;}\" data-core-v316-plus=\"true\">\n\t\t\t\t\t<div class=\"e-con-inner\">\n\t\t\t\t<div class=\"elementor-element elementor-element-f4f7009 elementor-widget-divider--view-line elementor-widget elementor-widget-divider\" data-id=\"f4f7009\" data-element_type=\"widget\" data-widget_type=\"divider.default\">\n\t\t\t\t<div class=\"elementor-widget-container\">\n\t\t\t<style>\/*! elementor - v3.16.0 - 17-10-2023 *\/\n.elementor-widget-divider{--divider-border-style:none;--divider-border-width:1px;--divider-color:#0c0d0e;--divider-icon-size:20px;--divider-element-spacing:10px;--divider-pattern-height:24px;--divider-pattern-size:20px;--divider-pattern-url:none;--divider-pattern-repeat:repeat-x}.elementor-widget-divider .elementor-divider{display:flex}.elementor-widget-divider .elementor-divider__text{font-size:15px;line-height:1;max-width:95%}.elementor-widget-divider .elementor-divider__element{margin:0 var(--divider-element-spacing);flex-shrink:0}.elementor-widget-divider .elementor-icon{font-size:var(--divider-icon-size)}.elementor-widget-divider .elementor-divider-separator{display:flex;margin:0;direction:ltr}.elementor-widget-divider--view-line_icon .elementor-divider-separator,.elementor-widget-divider--view-line_text .elementor-divider-separator{align-items:center}.elementor-widget-divider--view-line_icon .elementor-divider-separator:after,.elementor-widget-divider--view-line_icon .elementor-divider-separator:before,.elementor-widget-divider--view-line_text .elementor-divider-separator:after,.elementor-widget-divider--view-line_text .elementor-divider-separator:before{display:block;content:\"\";border-bottom:0;flex-grow:1;border-top:var(--divider-border-width) var(--divider-border-style) var(--divider-color)}.elementor-widget-divider--element-align-left .elementor-divider .elementor-divider-separator>.elementor-divider__svg:first-of-type{flex-grow:0;flex-shrink:100}.elementor-widget-divider--element-align-left .elementor-divider-separator:before{content:none}.elementor-widget-divider--element-align-left .elementor-divider__element{margin-left:0}.elementor-widget-divider--element-align-right .elementor-divider .elementor-divider-separator>.elementor-divider__svg:last-of-type{flex-grow:0;flex-shrink:100}.elementor-widget-divider--element-align-right .elementor-divider-separator:after{content:none}.elementor-widget-divider--element-align-right .elementor-divider__element{margin-right:0}.elementor-widget-divider:not(.elementor-widget-divider--view-line_text):not(.elementor-widget-divider--view-line_icon) .elementor-divider-separator{border-top:var(--divider-border-width) var(--divider-border-style) var(--divider-color)}.elementor-widget-divider--separator-type-pattern{--divider-border-style:none}.elementor-widget-divider--separator-type-pattern.elementor-widget-divider--view-line .elementor-divider-separator,.elementor-widget-divider--separator-type-pattern:not(.elementor-widget-divider--view-line) .elementor-divider-separator:after,.elementor-widget-divider--separator-type-pattern:not(.elementor-widget-divider--view-line) .elementor-divider-separator:before,.elementor-widget-divider--separator-type-pattern:not([class*=elementor-widget-divider--view]) .elementor-divider-separator{width:100%;min-height:var(--divider-pattern-height);-webkit-mask-size:var(--divider-pattern-size) 100%;mask-size:var(--divider-pattern-size) 100%;-webkit-mask-repeat:var(--divider-pattern-repeat);mask-repeat:var(--divider-pattern-repeat);background-color:var(--divider-color);-webkit-mask-image:var(--divider-pattern-url);mask-image:var(--divider-pattern-url)}.elementor-widget-divider--no-spacing{--divider-pattern-size:auto}.elementor-widget-divider--bg-round{--divider-pattern-repeat:round}.rtl .elementor-widget-divider .elementor-divider__text{direction:rtl}.e-con-inner>.elementor-widget-divider,.e-con>.elementor-widget-divider{width:var(--container-widget-width,100%);--flex-grow:var(--container-widget-flex-grow)}<\/style>\t\t<div class=\"elementor-divider\">\n\t\t\t<span class=\"elementor-divider-separator\">\n\t\t\t\t\t\t<\/span>\n\t\t<\/div>\n\t\t\t\t<\/div>\n\t\t\t\t<\/div>\n\t\t\t\t\t<\/div>\n\t\t\t\t<\/div>\n\t\t\t\t\t\t\t<\/div>\n\t\t","protected":false},"excerpt":{"rendered":"<p>Cen\u00edk slu\u017eeb P\u00e9\u010de o d\u00e1my St\u0159ih + styling Kr\u00e1tk\u00e9 vlasy: 450 K\u010d | Polodhlouh\u00e9 vlasy: 650 K\u010d | Dlouh\u00e9 vlasy: 850 K\u010d Odbarven\u00ed + p\u0159eliv Kr\u00e1tk\u00e9 vlasy: 1000 K\u010d | Polodlouh\u00e9 vlasy: 1200 K\u010d | Dlouh\u00e9 vlasy: 1500 K\u010d Barven\u00ed + p\u0159eliv (odrosty) Kr\u00e1tk\u00e9 vlasy: 800 K\u010d | Polodlouh\u00e9 vlasy: 1100 K\u010d | Dlouh\u00e9 vlasy: [&hellip;]<\/p>\n","protected":false},"author":1,"featured_media":0,"parent":0,"menu_order":0,"comment_status":"closed","ping_status":"closed","template":"elementor_header_footer","meta":{"footnotes":""},"_links":{"self":[{"href":"https:\/\/ujarmilky.cz\/index.php?rest_route=\/wp\/v2\/pages\/7877"}],"collection":[{"href":"https:\/\/ujarmilky.cz\/index.php?rest_route=\/wp\/v2\/pages"}],"about":[{"href":"https:\/\/ujarmilky.cz\/index.php?rest_route=\/wp\/v2\/types\/page"}],"author":[{"embeddable":true,"href":"https:\/\/ujarmilky.cz\/index.php?rest_route=\/wp\/v2\/users\/1"}],"replies":[{"embeddable":true,"href":"https:\/\/ujarmilky.cz\/index.php?rest_route=%2Fwp%2Fv2%2Fcomments&post=7877"}],"version-history":[{"count":27,"href":"https:\/\/ujarmilky.cz\/index.php?rest_route=\/wp\/v2\/pages\/7877\/revisions"}],"predecessor-version":[{"id":11852,"href":"https:\/\/ujarmilky.cz\/index.php?rest_route=\/wp\/v2\/pages\/7877\/revisions\/11852"}],"wp:attachment":[{"href":"https:\/\/ujarmilky.cz\/index.php?rest_route=%2Fwp%2Fv2%2Fmedia&parent=7877"}],"curies":[{"name":"wp","href":"https:\/\/api.w.org\/{rel}","templated":true}]}}